{"id":22039,"date":"2017-11-17T15:04:50","date_gmt":"2017-11-17T14:04:50","guid":{"rendered":"https:\/\/www.miraldeco.com\/conditions-of-use\/"},"modified":"2018-12-05T17:28:47","modified_gmt":"2018-12-05T16:28:47","slug":"conditions-of-use","status":"publish","type":"page","link":"https:\/\/www.miraldeco.com\/en\/conditions-of-use\/","title":{"rendered":"Conditions of Use"},"content":{"rendered":"<p>[vc_row type=&#8221;boxed&#8221;][vc_column width=&#8221;1\/4&#8243; offset=&#8221;vc_col-sm-offset-1&#8243;][vc_empty_space][vc_column_text css_animation=&#8221;&#8221;]<\/p>\n<h4>Conditions of Use<\/h4>\n<p>[\/vc_column_text][vc_empty_space height=&#8221;17px&#8221;][\/vc_column][vc_column width=&#8221;7\/12&#8243;][vc_empty_space][vc_column_text css_animation=&#8221;&#8221;]Conform\u00e9ment aux dispositions des Articles 6-III et 19 de la Loi n\u00b02004-575 du 21 juin 2004 pour la Confiance dans l&#8217;\u00e9conomie num\u00e9rique, dite L.C.E.N., il est port\u00e9 \u00e0 la connaissance des utilisateurs et visiteurs du site Miral Deco les pr\u00e9sentes mentions l\u00e9gales.<\/p>\n<p>Le site Miral Deco est accessible \u00e0 l&#8217;adresse suivante : www.miraldeco.com (ci-apr\u00e8s &#8220;le Site&#8221;). L&#8217;acc\u00e8s et l&#8217;utilisation du Site sont soumis aux pr\u00e9sentes &#8220;Mentions l\u00e9gales&#8221; d\u00e9taill\u00e9es ci-apr\u00e8s ainsi qu&#8217;aux lois et\/ou r\u00e8glements applicables.<\/p>\n<p>La connexion, l&#8217;utilisation et l&#8217;acc\u00e8s \u00e0 ce Site impliquent l&#8217;acceptation int\u00e9grale et sans r\u00e9serve de l&#8217;internaute de toutes les dispositions des pr\u00e9sentes Mentions L\u00e9gales.<\/p>\n<p><strong><br \/>\nARTICLE 1 &#8211; INFORMATIONS L\u00c9GALES<\/strong><\/p>\n<p>En vertu de l&#8217;Article 6 de la Loi n\u00b0 2004-575 du 21 juin 2004 pour la confiance dans l&#8217;\u00e9conomie num\u00e9rique, il est pr\u00e9cis\u00e9 dans cet article l&#8217;identit\u00e9 des diff\u00e9rents intervenants dans le cadre de sa r\u00e9alisation et de son suivi.<\/p>\n<p>Le site Miral Deco est \u00e9dit\u00e9 par EURL INTERIEUR DESIGN &amp; DECORATION ayant son si\u00e8ge social \u00e0 l&#8217;adresse suivante :<\/p>\n<div class=\"\">25 COURS HONORE D\u2019ESTIENNE D\u2019ORVES<\/div>\n<div class=\"\">13001 MARSEILLE<\/div>\n<div class=\"\">FRANCE,<\/div>\n<div><\/div>\n<p>et immatricul\u00e9e au num\u00e9ro suivant : <strong>808 940 076 RCS Marseille<\/strong>.<br \/>\nT\u00e9l\u00e9phone : +33 (0)6 22 66 32 39<br \/>\nAdresse e-mail : contact@miraldeco.com<br \/>\nCi-apr\u00e8s &#8221; l&#8217;\u00c9diteur &#8221;<\/p>\n<p>Le Directeur de publication est <strong>Damien Guis<\/strong><br \/>\nAdresse e-mail de contact : damien.guis@miraldeco.com<br \/>\nCi-apr\u00e8s &#8221; le Directeur de publication &#8221;<\/p>\n<p>Le site Miral Deco est h\u00e9berg\u00e9 par <strong>OVH<\/strong> dont le si\u00e8ge est situ\u00e9 \u00e0 l&#8217;adresse suivante :<br \/>\n2 rue Kellermann<br \/>\n59100 Roubaix<br \/>\nFrance<\/p>\n<p>T\u00e9l\u00e9phone : +33 9 72 10 10 07<br \/>\nAdresse e-mail : contact@ovh.com.<br \/>\nCi-apr\u00e8s &#8221; l&#8217;H\u00e9bergeur &#8221;<\/p>\n<p>Sont consid\u00e9r\u00e9s comme utilisateurs tout les internautes qui naviguent, lisent, visionnent et utilisent le site Miral Deco.<br \/>\nCi-apr\u00e8s les &#8221; Utilisateurs &#8221;<\/p>\n<p><strong><br \/>\nARTICLE 2 &#8211; ACCESSIBILIT\u00c9<\/strong><\/p>\n<p>Le Site est par principe accessible aux utilisateurs 24\/24h et 7\/7j, sauf interruption, programm\u00e9e ou non, pour des besoins de maintenance ou en cas de force majeure.<\/p>\n<p>En cas d&#8217;impossibilit\u00e9 d&#8217;acc\u00e8s au Site, celui-ci s&#8217;engage \u00e0 faire son maximum afin d&#8217;en r\u00e9tablir l&#8217;acc\u00e8s. Le Site ne saurait \u00eatre tenu pour responsable de tout dommage, quelle qu&#8217;en soit la nature, r\u00e9sultant de son indisponibilit\u00e9.<\/p>\n<p><strong><br \/>\nARTICLE 3 &#8211; COLLECTE DE DONN\u00c9ES ET LOI INFORMATIQUE ET LIBERT\u00c9S<\/strong><\/p>\n<p>Le site Miral Deco est exempt\u00e9 de d\u00e9claration \u00e0 la Commission Nationale Informatique et Libert\u00e9s (CNIL) dans la mesure o\u00f9 il ne collecte aucune donn\u00e9e des Utilisateurs.<\/p>\n<p><strong><br \/>\nARTICLE 4 &#8211; POLITIQUE DE COOKIES<\/strong><\/p>\n<p>Le site Miral Deco a \u00e9ventuellement recours aux techniques de &#8220;cookies&#8221; lui permettant de traiter des statistiques et des informations sur le trafic, de faciliter la navigation et d&#8217;am\u00e9liorer le service pour le confort de l&#8217;Utilisateur.<\/p>\n<p>Conform\u00e9ment \u00e0 la l\u00e9gislation europ\u00e9enne, le site Miral Deco\u00a0a mis \u00e0 jour sa politique de confidentialit\u00e9 en mati\u00e8re de cookies. L&#8217;Utilisateur est libre d&#8217;accepter ou de refuser les cookies de tous les sites internet en modifiant les param\u00e8tres de son navigateur internet.<\/p>\n<p><strong><br \/>\nARTICLE 5 &#8211; LOI APPLICABLE ET JURIDICTION<\/strong><\/p>\n<p>Les pr\u00e9sentes Mentions L\u00e9gales sont r\u00e9gies par la loi fran\u00e7aise. En cas de diff\u00e9rend et \u00e0 d\u00e9faut d&#8217;accord amiable, le litige sera port\u00e9 devant les tribunaux fran\u00e7ais conform\u00e9ment aux r\u00e8gles de comp\u00e9tence en vigueur.<\/p>\n<p><strong><br \/>\nARTICLE 6 &#8211; CONTACT<\/strong><\/p>\n<p>Pour tout signalement de contenus ou d&#8217;activit\u00e9s illicites, l&#8217;Utilisateur peut contacter l&#8217;\u00c9diteur \u00e0 l&#8217;adresse suivante : contact@miraldeco.com, ou par courrier recommand\u00e9 avec accus\u00e9 de r\u00e9ception adress\u00e9 \u00e0 l&#8217;\u00c9diteur aux coordonn\u00e9es pr\u00e9cis\u00e9es dans les pr\u00e9sentes mentions l\u00e9gales.[\/vc_column_text][\/vc_column][\/vc_row][vc_row type=&#8221;full-nopad&#8221;][vc_column][vc_empty_space height=&#8221;40&#8243;][\/vc_column][\/vc_row][vc_row type=&#8221;boxed&#8221;][vc_column width=&#8221;1\/4&#8243; offset=&#8221;vc_col-sm-offset-1&#8243;][vc_column_text css_animation=&#8221;&#8221;]<\/p>\n<h4>Credits<\/h4>\n<p>[\/vc_column_text][vc_empty_space height=&#8221;17px&#8221;][\/vc_column][vc_column width=&#8221;7\/12&#8243;][vc_column_text css_animation=&#8221;&#8221;]<a href=\"https:\/\/viaweb.fr\/\" target=\"_blank\" rel=\"noopener\">viaWEB \u2022 Cr\u00e9ation de sites WEB \u2013 Webmarketing \u2013 Webmastering<\/a>[\/vc_column_text][\/vc_column][\/vc_row][vc_row type=&#8221;full-nopad&#8221;][vc_column][vc_empty_space height=&#8221;46&#8243;][\/vc_column][\/vc_row][vc_row][vc_column][\/vc_column][\/vc_row]<\/p>\n","protected":false},"excerpt":{"rendered":"<p>[vc_row type=&#8221;boxed&#8221;][vc_column width=&#8221;1\/4&#8243; offset=&#8221;vc_col-sm-offset-1&#8243;][vc_empty_space][vc_column_text css_animation=&#8221;&#8221;] Conditions of Use [\/vc_column_text][vc_empty_space height=&#8221;17px&#8221;][\/vc_column][vc_column width=&#8221;7\/12&#8243;][vc_empty_space][vc_column_text css_animation=&#8221;&#8221;]Conform\u00e9ment aux dispositions des Articles 6-III et 19 de la Loi n\u00b02004-575 du 21 juin 2004 pour la Confiance dans l&#8217;\u00e9conomie num\u00e9rique, dite L.C.E.N., il est port\u00e9 \u00e0 la connaissance des utilisateurs et visiteurs du site Miral Deco les pr\u00e9sentes mentions l\u00e9gales. Le site &hellip;<\/p>\n","protected":false},"author":1,"featured_media":0,"parent":0,"menu_order":10,"comment_status":"closed","ping_status":"closed","template":"","meta":{"_monsterinsights_skip_tracking":false,"_monsterinsights_sitenote_active":false,"_monsterinsights_sitenote_note":"","_monsterinsights_sitenote_category":0,"footnotes":""},"class_list":["post-22039","page","type-page","status-publish","hentry"],"_links":{"self":[{"href":"https:\/\/www.miraldeco.com\/en\/wp-json\/wp\/v2\/pages\/22039"}],"collection":[{"href":"https:\/\/www.miraldeco.com\/en\/wp-json\/wp\/v2\/pages"}],"about":[{"href":"https:\/\/www.miraldeco.com\/en\/wp-json\/wp\/v2\/types\/page"}],"author":[{"embeddable":true,"href":"https:\/\/www.miraldeco.com\/en\/wp-json\/wp\/v2\/users\/1"}],"replies":[{"embeddable":true,"href":"https:\/\/www.miraldeco.com\/en\/wp-json\/wp\/v2\/comments?post=22039"}],"version-history":[{"count":7,"href":"https:\/\/www.miraldeco.com\/en\/wp-json\/wp\/v2\/pages\/22039\/revisions"}],"predecessor-version":[{"id":31801,"href":"https:\/\/www.miraldeco.com\/en\/wp-json\/wp\/v2\/pages\/22039\/revisions\/31801"}],"wp:attachment":[{"href":"https:\/\/www.miraldeco.com\/en\/wp-json\/wp\/v2\/media?parent=22039"}],"curies":[{"name":"wp","href":"https:\/\/api.w.org\/{rel}","templated":true}]}}